{"id":2120,"date":"2025-11-28T10:06:46","date_gmt":"2025-11-28T09:06:46","guid":{"rendered":"https:\/\/idro.gasweb.it\/?page_id=2120"},"modified":"2025-12-15T16:33:46","modified_gmt":"2025-12-15T15:33:46","slug":"fernwartung","status":"publish","type":"page","link":"https:\/\/idro.gasweb.it\/de\/fernwartung\/","title":{"rendered":"Fernwartung"},"content":{"rendered":"\t\t<div data-elementor-type=\"wp-page\" data-elementor-id=\"2120\" class=\"elementor elementor-2120 elementor-290\" data-elementor-post-type=\"page\">\n\t\t\t\t<div class=\"elementor-element elementor-element-6b277ca e-flex e-con-boxed e-con e-parent\" data-id=\"6b277ca\" data-element_type=\"container\" data-e-type=\"container\" data-settings='{\"background_background\":\"classic\"}'>\n\t\t\t\t\t<div class=\"e-con-inner\">\n\t\t<div class=\"elementor-element elementor-element-8ba1367 e-con-full e-flex e-con e-child\" data-id=\"8ba1367\" data-element_type=\"container\" data-e-type=\"container\" data-settings='{\"background_background\":\"classic\"}'>\n\t\t<div class=\"elementor-element elementor-element-463697d e-con-full e-flex e-con e-child\" data-id=\"463697d\" data-element_type=\"container\" data-e-type=\"container\">\n\t\t\t\t<div class=\"elementor-element elementor-element-90e334b elementor-widget elementor-widget-heading\" data-id=\"90e334b\" data-element_type=\"widget\" data-e-type=\"widget\" data-widget_type=\"heading.default\">\n\t\t\t\t\t<h2 class=\"elementor-heading-title elementor-size-default\">IHRE SCHROTTSCHERE - <span class=\"idromec_green\">MIT EINEM KLICK<\/span><\/h2>\t\t\t\t<\/div>\n\t\t\t\t<div class=\"elementor-element elementor-element-c75c6c2 elementor-widget elementor-widget-text-editor\" data-id=\"c75c6c2\" data-element_type=\"widget\" data-e-type=\"widget\" data-widget_type=\"text-editor.default\">\n\t\t\t\t\t\t\t\t\t<p><strong>I.R.C. (Idromec Remote Control)<\/strong>: erm\u00f6glicht die \u00dcberwachung des Produktionsstatus in Echtzeit und die Steuerung der Schrottscheren \u2013 jederzeit und \u00fcberall.<\/p>\t\t\t\t\t\t\t\t<\/div>\n\t\t<div class=\"elementor-element elementor-element-3c2374d e-con-full e-flex e-con e-child\" data-id=\"3c2374d\" data-element_type=\"container\" data-e-type=\"container\">\n\t\t\t\t<div class=\"elementor-element elementor-element-51ab795 elementor-widget elementor-widget-idromec_button\" data-id=\"51ab795\" data-element_type=\"widget\" data-e-type=\"widget\" data-widget_type=\"idromec_button.default\">\n\t\t\t\t<div class=\"elementor-widget-container\">\n\t\t\t\t\t    <a class=\"idromecbutton  ib_animation  ib_style1  ib_medium\" href=\"#\" aria-label=\"Scopri il Controllo Remoto\">\n      <span class=\"lines\">\n        <span class=\"line\"><\/span><span class=\"line\"><\/span><span class=\"line\"><\/span><span class=\"line\"><\/span>\n      <\/span>\n      <span class=\"label\">Informationen anfordern<\/span>\n    <\/a>\n\t\t\t\t<\/div>\n\t\t\t\t<\/div>\n\t\t\t\t<\/div>\n\t\t\t\t<\/div>\n\t\t<div class=\"elementor-element elementor-element-d5839b7 e-con-full e-flex e-con e-child\" data-id=\"d5839b7\" data-element_type=\"container\" data-e-type=\"container\">\n\t\t\t\t<div class=\"elementor-element elementor-element-b9792e7 elementor-widget elementor-widget-image\" data-id=\"b9792e7\" data-element_type=\"widget\" data-e-type=\"widget\" data-widget_type=\"image.default\">\n\t\t\t\t\t\t\t\t\t\t\t\t\t\t\t<img fetchpriority=\"high\" decoding=\"async\" width=\"603\" height=\"534\" src=\"https:\/\/idro.gasweb.it\/wp-content\/uploads\/2025\/07\/remote-control-system-shear-press-monitoring-idromec-spa.webp\" class=\"attachment-full size-full wp-image-2092\" alt=\"Webbasiertes System f\u00fcr Idromec S.p.A. Scherenpressen mit \u00dcberwachung und Steuerung von jedem Ger\u00e4t\" srcset=\"https:\/\/idro.gasweb.it\/wp-content\/uploads\/2025\/07\/remote-control-system-shear-press-monitoring-idromec-spa.webp 603w, https:\/\/idro.gasweb.it\/wp-content\/uploads\/2025\/07\/remote-control-system-shear-press-monitoring-idromec-spa-300x266.webp 300w\" sizes=\"(max-width: 603px) 100vw, 603px\">\t\t\t\t\t\t\t\t\t\t\t\t\t\t\t<\/div>\n\t\t\t\t<\/div>\n\t\t\t\t<\/div>\n\t\t<div class=\"elementor-element elementor-element-45b0a38 e-con-full e-grid e-con e-child\" data-id=\"45b0a38\" data-element_type=\"container\" data-e-type=\"container\">\n\t\t<div class=\"elementor-element elementor-element-50d1f05 e-con-full e-transform e-transform e-flex e-con e-child\" data-id=\"50d1f05\" data-element_type=\"container\" data-e-type=\"container\" data-settings='{\"_transform_translateY_effect\":{\"unit\":\"px\",\"size\":0,\"sizes\":[]},\"_transform_translateY_effect_hover\":{\"unit\":\"px\",\"size\":-10,\"sizes\":[]},\"_transform_translateX_effect\":{\"unit\":\"px\",\"size\":\"\",\"sizes\":[]},\"_transform_translateX_effect_tablet\":{\"unit\":\"px\",\"size\":\"\",\"sizes\":[]},\"_transform_translateX_effect_mobile\":{\"unit\":\"px\",\"size\":\"\",\"sizes\":[]},\"_transform_translateY_effect_tablet\":{\"unit\":\"px\",\"size\":\"\",\"sizes\":[]},\"_transform_translateY_effect_mobile\":{\"unit\":\"px\",\"size\":\"\",\"sizes\":[]},\"_transform_translateX_effect_hover\":{\"unit\":\"px\",\"size\":\"\",\"sizes\":[]},\"_transform_translateX_effect_hover_tablet\":{\"unit\":\"px\",\"size\":\"\",\"sizes\":[]},\"_transform_translateX_effect_hover_mobile\":{\"unit\":\"px\",\"size\":\"\",\"sizes\":[]},\"_transform_translateY_effect_hover_tablet\":{\"unit\":\"px\",\"size\":\"\",\"sizes\":[]},\"_transform_translateY_effect_hover_mobile\":{\"unit\":\"px\",\"size\":\"\",\"sizes\":[]}}'>\n\t\t\t\t<div class=\"elementor-element elementor-element-7b7f1ad elementor-view-default elementor-widget elementor-widget-icon\" data-id=\"7b7f1ad\" data-element_type=\"widget\" data-e-type=\"widget\" data-widget_type=\"icon.default\">\n\t\t\t\t\t\t\t<div class=\"elementor-icon-wrapper\">\n\t\t\t<div class=\"elementor-icon\">\n\t\t\t<i aria-hidden=\"true\" class=\"icon icon-icon-cog\"><\/i>\t\t\t<\/div>\n\t\t<\/div>\n\t\t\t\t\t\t<\/div>\n\t\t\t\t<div class=\"elementor-element elementor-element-fbdc6b0 elementor-widget elementor-widget-heading\" data-id=\"fbdc6b0\" data-element_type=\"widget\" data-e-type=\"widget\" data-widget_type=\"heading.default\">\n\t\t\t\t\t<h3 class=\"elementor-heading-title elementor-size-default\">Informationen anfordern<\/h3>\t\t\t\t<\/div>\n\t\t\t\t<div class=\"elementor-element elementor-element-0edc040 elementor-widget elementor-widget-text-editor\" data-id=\"0edc040\" data-element_type=\"widget\" data-e-type=\"widget\" data-widget_type=\"text-editor.default\">\n\t\t\t\t\t\t\t\t\t<p>Die Planer haben ein Sensornetz und eine Software entwickelt, die die \u00dcberwachung der Produktion der Schrottscheren erm\u00f6glichen.<\/p>\t\t\t\t\t\t\t\t<\/div>\n\t\t\t\t<\/div>\n\t\t<div class=\"elementor-element elementor-element-6f6a853 e-con-full e-transform e-transform e-flex e-con e-child\" data-id=\"6f6a853\" data-element_type=\"container\" data-e-type=\"container\" data-settings='{\"_transform_translateY_effect\":{\"unit\":\"px\",\"size\":0,\"sizes\":[]},\"_transform_translateY_effect_hover\":{\"unit\":\"px\",\"size\":-10,\"sizes\":[]},\"_transform_translateX_effect\":{\"unit\":\"px\",\"size\":\"\",\"sizes\":[]},\"_transform_translateX_effect_tablet\":{\"unit\":\"px\",\"size\":\"\",\"sizes\":[]},\"_transform_translateX_effect_mobile\":{\"unit\":\"px\",\"size\":\"\",\"sizes\":[]},\"_transform_translateY_effect_tablet\":{\"unit\":\"px\",\"size\":\"\",\"sizes\":[]},\"_transform_translateY_effect_mobile\":{\"unit\":\"px\",\"size\":\"\",\"sizes\":[]},\"_transform_translateX_effect_hover\":{\"unit\":\"px\",\"size\":\"\",\"sizes\":[]},\"_transform_translateX_effect_hover_tablet\":{\"unit\":\"px\",\"size\":\"\",\"sizes\":[]},\"_transform_translateX_effect_hover_mobile\":{\"unit\":\"px\",\"size\":\"\",\"sizes\":[]},\"_transform_translateY_effect_hover_tablet\":{\"unit\":\"px\",\"size\":\"\",\"sizes\":[]},\"_transform_translateY_effect_hover_mobile\":{\"unit\":\"px\",\"size\":\"\",\"sizes\":[]}}'>\n\t\t\t\t<div class=\"elementor-element elementor-element-96f86de elementor-view-default elementor-widget elementor-widget-icon\" data-id=\"96f86de\" data-element_type=\"widget\" data-e-type=\"widget\" data-widget_type=\"icon.default\">\n\t\t\t\t\t\t\t<div class=\"elementor-icon-wrapper\">\n\t\t\t<div class=\"elementor-icon\">\n\t\t\t<i aria-hidden=\"true\" class=\"icon icon-icon-chart-line\"><\/i>\t\t\t<\/div>\n\t\t<\/div>\n\t\t\t\t\t\t<\/div>\n\t\t\t\t<div class=\"elementor-element elementor-element-b87d988 elementor-widget elementor-widget-heading\" data-id=\"b87d988\" data-element_type=\"widget\" data-e-type=\"widget\" data-widget_type=\"heading.default\">\n\t\t\t\t\t<h3 class=\"elementor-heading-title elementor-size-default\">STATISTIK<\/h3>\t\t\t\t<\/div>\n\t\t\t\t<div class=\"elementor-element elementor-element-c1b3c1d elementor-widget elementor-widget-text-editor\" data-id=\"c1b3c1d\" data-element_type=\"widget\" data-e-type=\"widget\" data-widget_type=\"text-editor.default\">\n\t\t\t\t\t\t\t\t\t<p>T\u00e4glich\/monatlich\/j\u00e4hrlich werden Statistiken erzeugt, um gezielte Entscheidungen f\u00fcr die Organisation von Arbeit und Produktion zu treffen.<\/p>\t\t\t\t\t\t\t\t<\/div>\n\t\t\t\t<\/div>\n\t\t<div class=\"elementor-element elementor-element-4982506 e-con-full e-transform e-transform e-flex e-con e-child\" data-id=\"4982506\" data-element_type=\"container\" data-e-type=\"container\" data-settings='{\"_transform_translateY_effect\":{\"unit\":\"px\",\"size\":0,\"sizes\":[]},\"_transform_translateY_effect_hover\":{\"unit\":\"px\",\"size\":-10,\"sizes\":[]},\"_transform_translateX_effect\":{\"unit\":\"px\",\"size\":\"\",\"sizes\":[]},\"_transform_translateX_effect_tablet\":{\"unit\":\"px\",\"size\":\"\",\"sizes\":[]},\"_transform_translateX_effect_mobile\":{\"unit\":\"px\",\"size\":\"\",\"sizes\":[]},\"_transform_translateY_effect_tablet\":{\"unit\":\"px\",\"size\":\"\",\"sizes\":[]},\"_transform_translateY_effect_mobile\":{\"unit\":\"px\",\"size\":\"\",\"sizes\":[]},\"_transform_translateX_effect_hover\":{\"unit\":\"px\",\"size\":\"\",\"sizes\":[]},\"_transform_translateX_effect_hover_tablet\":{\"unit\":\"px\",\"size\":\"\",\"sizes\":[]},\"_transform_translateX_effect_hover_mobile\":{\"unit\":\"px\",\"size\":\"\",\"sizes\":[]},\"_transform_translateY_effect_hover_tablet\":{\"unit\":\"px\",\"size\":\"\",\"sizes\":[]},\"_transform_translateY_effect_hover_mobile\":{\"unit\":\"px\",\"size\":\"\",\"sizes\":[]}}'>\n\t\t\t\t<div class=\"elementor-element elementor-element-c111e49 elementor-view-default elementor-widget elementor-widget-icon\" data-id=\"c111e49\" data-element_type=\"widget\" data-e-type=\"widget\" data-widget_type=\"icon.default\">\n\t\t\t\t\t\t\t<div class=\"elementor-icon-wrapper\">\n\t\t\t<div class=\"elementor-icon\">\n\t\t\t<i aria-hidden=\"true\" class=\"icon icon-icon-monitor-chart\"><\/i>\t\t\t<\/div>\n\t\t<\/div>\n\t\t\t\t\t\t<\/div>\n\t\t\t\t<div class=\"elementor-element elementor-element-8ea66a0 elementor-widget elementor-widget-heading\" data-id=\"8ea66a0\" data-element_type=\"widget\" data-e-type=\"widget\" data-widget_type=\"heading.default\">\n\t\t\t\t\t<h3 class=\"elementor-heading-title elementor-size-default\">DIAGNOSE<\/h3>\t\t\t\t<\/div>\n\t\t\t\t<div class=\"elementor-element elementor-element-460d561 elementor-widget elementor-widget-text-editor\" data-id=\"460d561\" data-element_type=\"widget\" data-e-type=\"widget\" data-widget_type=\"text-editor.default\">\n\t\t\t\t\t\t\t\t\t<p>Eine schnelle und effiziente Ferndiagnose f\u00fcr die leichte Wartung verl\u00e4ngert die Lebensdauer des Produktes.<\/p>\t\t\t\t\t\t\t\t<\/div>\n\t\t\t\t<\/div>\n\t\t<div class=\"elementor-element elementor-element-1b24c1a e-con-full e-transform e-transform e-flex e-con e-child\" data-id=\"1b24c1a\" data-element_type=\"container\" data-e-type=\"container\" data-settings='{\"_transform_translateY_effect\":{\"unit\":\"px\",\"size\":0,\"sizes\":[]},\"_transform_translateY_effect_hover\":{\"unit\":\"px\",\"size\":-10,\"sizes\":[]},\"_transform_translateX_effect\":{\"unit\":\"px\",\"size\":\"\",\"sizes\":[]},\"_transform_translateX_effect_tablet\":{\"unit\":\"px\",\"size\":\"\",\"sizes\":[]},\"_transform_translateX_effect_mobile\":{\"unit\":\"px\",\"size\":\"\",\"sizes\":[]},\"_transform_translateY_effect_tablet\":{\"unit\":\"px\",\"size\":\"\",\"sizes\":[]},\"_transform_translateY_effect_mobile\":{\"unit\":\"px\",\"size\":\"\",\"sizes\":[]},\"_transform_translateX_effect_hover\":{\"unit\":\"px\",\"size\":\"\",\"sizes\":[]},\"_transform_translateX_effect_hover_tablet\":{\"unit\":\"px\",\"size\":\"\",\"sizes\":[]},\"_transform_translateX_effect_hover_mobile\":{\"unit\":\"px\",\"size\":\"\",\"sizes\":[]},\"_transform_translateY_effect_hover_tablet\":{\"unit\":\"px\",\"size\":\"\",\"sizes\":[]},\"_transform_translateY_effect_hover_mobile\":{\"unit\":\"px\",\"size\":\"\",\"sizes\":[]}}'>\n\t\t\t\t<div class=\"elementor-element elementor-element-5f0c8e0 elementor-view-default elementor-widget elementor-widget-icon\" data-id=\"5f0c8e0\" data-element_type=\"widget\" data-e-type=\"widget\" data-widget_type=\"icon.default\">\n\t\t\t\t\t\t\t<div class=\"elementor-icon-wrapper\">\n\t\t\t<div class=\"elementor-icon\">\n\t\t\t<i aria-hidden=\"true\" class=\"icon icon-icon-check\"><\/i>\t\t\t<\/div>\n\t\t<\/div>\n\t\t\t\t\t\t<\/div>\n\t\t\t\t<div class=\"elementor-element elementor-element-0f24ba9 elementor-widget elementor-widget-heading\" data-id=\"0f24ba9\" data-element_type=\"widget\" data-e-type=\"widget\" data-widget_type=\"heading.default\">\n\t\t\t\t\t<h3 class=\"elementor-heading-title elementor-size-default\">LESEN UND TRAINING<\/h3>\t\t\t\t<\/div>\n\t\t\t\t<div class=\"elementor-element elementor-element-03504aa elementor-widget elementor-widget-text-editor\" data-id=\"03504aa\" data-element_type=\"widget\" data-e-type=\"widget\" data-widget_type=\"text-editor.default\">\n\t\t\t\t\t\t\t\t\t<p>Sie vereinfachte Auslesung der hydraulischen und elektrischen Anlagen ersetzt die in der Software enthaltene Ansicht. Kunden individuelle Trainings<\/p>\t\t\t\t\t\t\t\t<\/div>\n\t\t\t\t<\/div>\n\t\t\t\t<\/div>\n\t\t<div class=\"elementor-element elementor-element-6de7c06 e-con-full e-flex e-con e-child\" data-id=\"6de7c06\" data-element_type=\"container\" data-e-type=\"container\">\n\t\t<div class=\"elementor-element elementor-element-723259b e-con-full e-flex e-con e-child\" data-id=\"723259b\" data-element_type=\"container\" data-e-type=\"container\">\n\t\t\t\t<div class=\"elementor-element elementor-element-1dbc45a elementor-widget elementor-widget-video\" data-id=\"1dbc45a\" data-element_type=\"widget\" data-e-type=\"widget\" data-settings='{\"youtube_url\":\"https:\\\/\\\/www.youtube.com\\\/embed\\\/GIhfXzkp68w\",\"yt_privacy\":\"yes\",\"lazy_load\":\"yes\",\"show_image_overlay\":\"yes\",\"image_overlay\":{\"url\":\"https:\\\/\\\/i3.ytimg.com\\\/vi\\\/GIhfXzkp68w\\\/hqdefault.jpg\",\"id\":\"\",\"size\":\"\",\"source\":\"url\",\"alt\":\"\"},\"video_type\":\"youtube\",\"controls\":\"yes\"}' data-widget_type=\"video.default\">\n\t\t\t\t\t\t\t<div class=\"elementor-wrapper elementor-open-inline\">\n\t\t\t<div class=\"elementor-video\"><\/div>\t\t\t\t<div class=\"elementor-custom-embed-image-overlay\" style=\"background-image: url(https:\/\/i3.ytimg.com\/vi\/GIhfXzkp68w\/hqdefault.jpg);\">\n\t\t\t\t\t\t\t\t\t\t\t\t\t\t\t\t<button class=\"elementor-custom-embed-play\" aria-label=\"Video abspielen\" type=\"button\">\n\t\t\t\t\t\t\t<svg aria-hidden=\"true\" class=\"e-font-icon-svg e-eicon-play\" viewbox=\"0 0 1000 1000\" xmlns=\"http:\/\/www.w3.org\/2000\/svg\"><path d=\"M838 162C746 71 633 25 500 25 371 25 258 71 163 162 71 254 25 367 25 500 25 633 71 746 163 837 254 929 367 979 500 979 633 979 746 933 838 837 929 746 975 633 975 500 975 367 929 254 838 162M808 192C892 279 933 379 933 500 933 621 892 725 808 808 725 892 621 938 500 938 379 938 279 896 196 808 113 725 67 621 67 500 67 379 108 279 196 192 279 108 383 62 500 62 621 62 721 108 808 192M438 392V642L642 517 438 392Z\"><\/path><\/svg>\t\t\t\t\t\t<\/button>\n\t\t\t\t\t\t\t\t\t<\/div>\n\t\t\t\t\t<\/div>\n\t\t\t\t\t\t<\/div>\n\t\t\t\t<\/div>\n\t\t<div class=\"elementor-element elementor-element-be26394 e-con-full e-flex e-con e-child\" data-id=\"be26394\" data-element_type=\"container\" data-e-type=\"container\">\n\t\t\t\t<div class=\"elementor-element elementor-element-ba88257 elementor-arrows-position-inside elementor-widget elementor-widget-n-carousel\" data-id=\"ba88257\" data-element_type=\"widget\" data-e-type=\"widget\" data-settings='{\"carousel_items\":[{\"slide_title\":\"Slide #2\",\"_id\":\"3cd0b8b\"}],\"slides_to_show\":\"1\",\"slides_to_scroll\":\"1\",\"slides_to_show_mobile\":\"1\",\"autoplay\":\"yes\",\"autoplay_speed\":5000,\"pause_on_hover\":\"yes\",\"pause_on_interaction\":\"yes\",\"infinite\":\"yes\",\"speed\":500,\"offset_sides\":\"none\",\"arrows\":\"yes\",\"image_spacing_custom\":{\"unit\":\"px\",\"size\":10,\"sizes\":[]},\"image_spacing_custom_tablet\":{\"unit\":\"px\",\"size\":\"\",\"sizes\":[]},\"image_spacing_custom_mobile\":{\"unit\":\"px\",\"size\":\"\",\"sizes\":[]}}' data-widget_type=\"nested-carousel.default\">\n\t\t\t\t\t\t\t<div class=\"e-n-carousel swiper\" role=\"region\" aria-roledescription=\"carousel\" aria-label=\"Carosello\" dir=\"ltr\">\n\t\t\t<div class=\"swiper-wrapper\" aria-live=\"off\">\n\t\t\t\t\t\t\t\t\t\t<div class=\"swiper-slide\" data-slide=\"1\" role=\"group\" aria-roledescription=\"slide\" aria-label=\"1 von 1\">\n\t\t\t\t\t\t\t<div class=\"elementor-element elementor-element-7f36bbf e-flex e-con-boxed e-con e-child\" data-id=\"7f36bbf\" data-element_type=\"container\" data-e-type=\"container\">\n\t\t\t\t\t<div class=\"e-con-inner\">\n\t\t<div class=\"elementor-element elementor-element-e2d9571 e-con-full e-flex e-con e-child\" data-id=\"e2d9571\" data-element_type=\"container\" data-e-type=\"container\">\n\t\t\t\t<div class=\"elementor-element elementor-element-f6e0e42 elementor-widget elementor-widget-image\" data-id=\"f6e0e42\" data-element_type=\"widget\" data-e-type=\"widget\" data-widget_type=\"image.default\">\n\t\t\t\t\t\t\t\t\t\t\t\t\t\t\t<img decoding=\"async\" width=\"800\" height=\"450\" src=\"https:\/\/idro.gasweb.it\/wp-content\/uploads\/2025\/07\/remote-control-shear-balers-idromec-spa-monitoring.webp\" class=\"attachment-large size-large wp-image-2118\" alt=\"Bedienfeld der Idromec-Schrottscherenpresse mit I.R.C-System f\u00fcr Fernsteuerung und Produktions\u00fcberwachung\" srcset=\"https:\/\/idro.gasweb.it\/wp-content\/uploads\/2025\/07\/remote-control-shear-balers-idromec-spa-monitoring.webp 1024w, https:\/\/idro.gasweb.it\/wp-content\/uploads\/2025\/07\/remote-control-shear-balers-idromec-spa-monitoring-300x169.webp 300w, https:\/\/idro.gasweb.it\/wp-content\/uploads\/2025\/07\/remote-control-shear-balers-idromec-spa-monitoring-768x432.webp 768w\" sizes=\"(max-width: 800px) 100vw, 800px\">\t\t\t\t\t\t\t\t\t\t\t\t\t\t\t<\/div>\n\t\t\t\t<\/div>\n\t\t\t\t\t<\/div>\n\t\t\t\t<\/div>\n\t\t\t\t\t\t\t\t<\/div>\n\t\t\t\t\t\t\t\t<\/div>\n\t\t<\/div>\n\t\t\t\t\t\t<\/div>\n\t\t\t\t<\/div>\n\t\t\t\t<\/div>\n\t\t\t\t\t<\/div>\n\t\t\t\t<\/div>\n\t\t\t\t<\/div>\n\t\t","protected":false},"excerpt":{"rendered":"<p>IHRE SCHROTTSCHERE &#8211; MIT EINEM KLICK I.R.C. (Idromec Remote Control): erm\u00f6glicht die \u00dcberwachung des Produktionsstatus in Echtzeit und die Steuerung der Schrottscheren \u2013 jederzeit und \u00fcberall. Informationen anfordern Informationen anfordern Die Planer haben ein Sensornetz und eine Software entwickelt, die die \u00dcberwachung der Produktion der Schrottscheren erm\u00f6glichen. STATISTIK T\u00e4glich\/monatlich\/j\u00e4hrlich werden Statistiken erzeugt, um gezielte Entscheidungen [&hellip;]<\/p>\n","protected":false},"author":1,"featured_media":2119,"parent":0,"menu_order":3,"comment_status":"closed","ping_status":"closed","template":"","meta":{"inline_featured_image":false,"footnotes":""},"class_list":["post-2120","page","type-page","status-publish","has-post-thumbnail","hentry"],"_links":{"self":[{"href":"https:\/\/idro.gasweb.it\/de\/wp-json\/wp\/v2\/pages\/2120","targetHints":{"allow":["GET"]}}],"collection":[{"href":"https:\/\/idro.gasweb.it\/de\/wp-json\/wp\/v2\/pages"}],"about":[{"href":"https:\/\/idro.gasweb.it\/de\/wp-json\/wp\/v2\/types\/page"}],"author":[{"embeddable":true,"href":"https:\/\/idro.gasweb.it\/de\/wp-json\/wp\/v2\/users\/1"}],"replies":[{"embeddable":true,"href":"https:\/\/idro.gasweb.it\/de\/wp-json\/wp\/v2\/comments?post=2120"}],"version-history":[{"count":0,"href":"https:\/\/idro.gasweb.it\/de\/wp-json\/wp\/v2\/pages\/2120\/revisions"}],"wp:featuredmedia":[{"embeddable":true,"href":"https:\/\/idro.gasweb.it\/de\/wp-json\/wp\/v2\/media\/2119"}],"wp:attachment":[{"href":"https:\/\/idro.gasweb.it\/de\/wp-json\/wp\/v2\/media?parent=2120"}],"curies":[{"name":"wp","href":"https:\/\/api.w.org\/{rel}","templated":true}]}}